{"id":276,"date":"2025-12-23T21:23:42","date_gmt":"2025-12-23T20:23:42","guid":{"rendered":"https:\/\/zirkum.ch\/?page_id=276"},"modified":"2026-04-10T00:31:33","modified_gmt":"2026-04-09T22:31:33","slug":"frauen","status":"publish","type":"page","link":"https:\/\/bgstudios.ch\/?page_id=276","title":{"rendered":"Emmenbr\u00fccke Frauen"},"content":{"rendered":"<div data-colibri-id=\"276-c1\" class=\"style-229 style-local-276-c1 position-relative\">\n  <!---->\n  <div data-colibri-component=\"section\" data-colibri-id=\"276-c21\" id=\"reusable-sections-3\" class=\"h-section h-section-global-spacing d-flex align-items-lg-center align-items-md-center align-items-center style-506 style-local-276-c21 position-relative\">\n    <!---->\n    <!---->\n    <div class=\"h-section-grid-container h-section-fluid-container\">\n      <!---->\n      <div data-colibri-id=\"276-c22\" class=\"h-row-container gutters-row-lg-0 gutters-row-md-0 gutters-row-2 gutters-row-v-lg-0 gutters-row-v-md-0 gutters-row-v-2 style-507 style-local-276-c22 position-relative\">\n        <!---->\n        <div class=\"h-row justify-content-lg-center justify-content-md-center justify-content-center align-items-lg-stretch align-items-md-stretch align-items-stretch gutters-col-lg-0 gutters-col-md-0 gutters-col-2 gutters-col-v-lg-0 gutters-col-v-md-0 gutters-col-v-2\">\n          <!---->\n          <div class=\"h-column h-column-container d-flex h-col-lg-6 h-col-md-6 h-col-12 style-508-outer style-local-276-c23-outer\">\n            <div data-colibri-id=\"276-c23\" class=\"d-flex h-flex-basis h-column__inner h-px-lg-0 h-px-md-0 h-px-0 v-inner-lg-0 v-inner-md-0 v-inner-0 style-508 style-local-276-c23 position-relative\">\n              <!---->\n              <!---->\n              <div class=\"w-100 h-y-container h-column__content h-column__v-align flex-basis-100 align-self-lg-start align-self-md-start align-self-start\">\n                <!---->\n                <div data-colibri-id=\"276-c24\" class=\"h-global-transition-all h-heading style-509 style-local-276-c24 position-relative h-element\">\n                  <!---->\n                  <div class=\"h-heading__outer style-509 style-local-276-c24\">\n                    <!---->\n                    <!---->\n                    <h4 class=\"\">anwesend in EMMENBr\u00fccke<\/h4>\n                  <\/div>\n                <\/div>\n                <div data-colibri-id=\"276-c25\" class=\"h-global-transition-all h-heading style-510 style-local-276-c25 position-relative h-element\">\n                  <!---->\n                  <div class=\"h-heading__outer style-510 style-local-276-c25\">\n                    <!---->\n                    <!---->\n                    <h2 class=\"\">Kiara<\/h2>\n                  <\/div>\n                <\/div>\n                <div data-colibri-id=\"276-c26\" class=\"h-text h-text-component style-517 style-local-276-c26 position-relative h-element\">\n                  <!---->\n                  <!---->\n                  <div class=\"\">\n                    <p>Ich bin Kiara, pure Energie, Sinnlichkeit und Komplizenschaft. Ich liebe es zu feiern, gute Stimmung zu haben und mich mit Menschen zu umgeben, die wissen, wie man ohne Grenzen und Eile genie\u00dft. Mit mir ist jede Begegnung anders: von\n                      einer intensiven Nacht voller Spa\u00df bis hin zu entspannenden Momenten, in denen man von der Welt abschalten und sich gehen lassen kann.<\/p>\n                  <\/div>\n                <\/div>\n                <div data-colibri-id=\"276-c27\" class=\"h-x-container style-512 style-local-276-c27 position-relative h-element\">\n                  <!---->\n                  <div class=\"h-x-container-inner style-dynamic-276-c27-group style-512-spacing style-local-276-c27-spacing\"><span class=\"h-link__outer style-513-outer style-local-276-c28-outer d-inline-flex h-element\"><a h-use-smooth-scroll=\"true\" href=\"https:\/\/wa.me\/34637764160\"  data-colibri-id=\"276-c28\" class=\"d-flex w-100 align-items-center h-link style-513 style-local-276-c28 position-relative\"><!----><span  class=\"h-svg-icon h-link__icon style-513-icon style-local-276-c28-icon\"><!--Icon by Ionicons (https:\/\/ionicons.com)--><svg version=\"1.1\" xmlns=\"http:\/\/www.w3.org\/2000\/svg\" xmlns:xlink=\"http:\/\/www.w3.org\/1999\/xlink\" id=\"social-whatsapp\" viewBox=\"0 0 448 512\"><path d=\"M228 32c121 0 220 97 220 218s-99 218-220 218c-39 0-74-10-106-27L0 480l40-117C20 330 8 291 8 250 8 129 107 32 228 32zm109 301c5-13 6-24 5-26s-5-4-11-7-32-18-37-20-9-2-13 3-16 17-19 21-6 4-12 1-23-10-44-30c-16-15-27-33-30-39s0-9 3-12c3-2 6-6 9-9s4-5 6-9 1-7 0-10-12-31-16-42-10-11-13-11h-10s-10 2-15 7-21 19-22 46 18 54 21 58 37 64 93 88 57 17 67 16 33-12 38-25z\"><\/path><\/svg><\/span>                    <span>Chatte mit mir um einen Termin zu vereinbaren<\/span><\/a>\n                    <\/span>\n                  <\/div>\n                <\/div>\n                <div data-colibri-id=\"276-c29\" class=\"h-row-container gutters-row-lg-2 gutters-row-md-2 gutters-row-0 gutters-row-v-lg-2 gutters-row-v-md-2 gutters-row-v-0 style-514 style-local-276-c29 position-relative\">\n                  <!---->\n                  <div class=\"h-row justify-content-lg-center justify-content-md-center justify-content-center align-items-lg-stretch align-items-md-stretch align-items-stretch gutters-col-lg-2 gutters-col-md-2 gutters-col-0 gutters-col-v-lg-2 gutters-col-v-md-2 gutters-col-v-0\">\n                    <!---->\n                    <div class=\"h-column h-column-container d-flex h-col-lg-6 h-col-md-6 h-col-6 style-515-outer style-local-276-c30-outer\">\n                      <div data-colibri-id=\"276-c30\" class=\"d-flex h-flex-basis h-column__inner h-px-lg-0 h-px-md-0 h-px-0 v-inner-lg-0 v-inner-md-0 v-inner-0 style-515 style-local-276-c30 position-relative\">\n                        <!---->\n                        <!---->\n                        <div class=\"w-100 h-y-container h-column__content h-column__v-align flex-basis-100 align-self-lg-start align-self-md-start align-self-start\">\n                          <!---->\n                          <div data-colibri-id=\"276-c31\" class=\"h-global-transition-all h-heading style-516 style-local-276-c31 position-relative h-element\">\n                            <!---->\n                            <div class=\"h-heading__outer style-516 style-local-276-c31\">\n                              <!---->\n                              <!---->\n                              <h5 class=\"\">Angebot<\/h5>\n                            <\/div>\n                          <\/div>\n                          <div data-colibri-id=\"276-c32\" class=\"h-text h-text-component style-517 style-local-276-c32 position-relative h-element\">\n                            <!---->\n                            <!---->\n                            <div class=\"\">\n                              <p><span style=\"font-weight: 400; font-size: 15px; color: rgb(36, 36, 36);\">Kiara \ufe0f<\/span><\/p>\n                              <p>Di<span style=\"font-weight: 400; font-size: 15px; color: rgb(36, 36, 36);\">e Erfahrung, die jeder sucht<\/span><\/p>\n                              <p>Wenn Sie hier sind, dann deshalb, weil Sie mehr suchen als das Typische&#8230;.<\/p>\n                              <p>Du suchst eine Verbindung, Aufregung und eine Nacht, an die man sich gerne erinnert.<\/p>\n                              <p>Ich biete auch exklusivere Erfahrungen f\u00fcr diejenigen, die etwas anderes suchen: eine dominante, elegante und selbstbewusste Pr\u00e4senz, wo das Spiel der Kontrolle, des Vertrauens und der Lust zum Protagonisten wird<\/p>\n                              <p>24 Stunden am Tag verf\u00fcgbar, um dich bei deinen besten Pl\u00e4nen zu begleiten: Ausfl\u00fcge, Events, Fluchten oder einfach eine unvergessliche Nacht. Wenn Ihr Ding ist Party, Adrenalin und Erfahrungen, die Sie f\u00fchlen&#8230; Sie sind\n                                an der richtigen Stelle.<\/p>\n                              <p>In der Schweiz, wo sich die K\u00e4lte drau\u00dfen anf\u00fchlt&#8230; aber mit dir kann ich die Nacht viel w\u00e4rmer machen \ufe0f<\/p>\n                              <p> Diskret, nahbar und mit einer Ausstrahlung, die dich vom ersten Moment an fesselt.<\/p>\n                              <p> F\u00fcr M\u00e4nner, die wissen, was sie wollen und auf der Suche nach Qualit\u00e4t und nicht nach Quantit\u00e4t sind.<\/p>\n                              <p>Traust du dich zu entdecken, warum ich so schwer zu vergessen bin?<\/p>\n                            <\/div>\n                          <\/div>\n                        <\/div>\n                      <\/div>\n                    <\/div>\n                    <div class=\"h-column h-column-container d-flex h-col-lg-6 h-col-md-6 h-col-6 style-515-outer style-local-276-c33-outer\">\n                      <div data-colibri-id=\"276-c33\" class=\"d-flex h-flex-basis h-column__inner h-px-lg-0 h-px-md-0 h-px-0 v-inner-lg-0 v-inner-md-0 v-inner-0 style-515 style-local-276-c33 position-relative\">\n                        <!---->\n                        <!---->\n                        <div class=\"w-100 h-y-container h-column__content h-column__v-align flex-basis-100 align-self-lg-start align-self-md-start align-self-start\">\n                          <!---->\n                          <div data-colibri-id=\"276-c34\" class=\"h-global-transition-all h-heading style-516 style-local-276-c34 position-relative h-element\">\n                            <!---->\n                            <div class=\"h-heading__outer style-516 style-local-276-c34\">\n                              <!---->\n                              <!---->\n                              <h5 class=\"\">Services<\/h5>\n                            <\/div>\n                          <\/div>\n                          <div data-colibri-id=\"276-c35\" class=\"h-text h-text-component style-517 style-local-276-c35 position-relative h-element\">\n                            <!---->\n                            <!---->\n                            <div class=\"\">\n                              <p>\n                                <img decoding=\"async\" draggable=\"false\" role=\"img\" class=\"emoji\" alt=\"\u2764\ufe0f\" src=\"https:\/\/s.w.org\/images\/core\/emoji\/17.0.2\/svg\/2764.svg\">69 Stellung<\/p>\n                              <p>\n                                <img decoding=\"async\" draggable=\"false\" role=\"img\" class=\"emoji\" alt=\"\u2764\ufe0f\" src=\"https:\/\/s.w.org\/images\/core\/emoji\/17.0.2\/svg\/2764.svg\">Analsex<\/p>\n                              <p>\n                                <img decoding=\"async\" draggable=\"false\" role=\"img\" class=\"emoji\" alt=\"\u2764\ufe0f\" src=\"https:\/\/s.w.org\/images\/core\/emoji\/17.0.2\/svg\/2764.svg\">Deep Throat<\/p>\n                              <p>\n                                <img decoding=\"async\" draggable=\"false\" role=\"img\" class=\"emoji\" alt=\"\u2764\ufe0f\" src=\"https:\/\/s.w.org\/images\/core\/emoji\/17.0.2\/svg\/2764.svg\">Eier lecken<\/p>\n                              <p>\n                                <img decoding=\"async\" draggable=\"false\" role=\"img\" class=\"emoji\" alt=\"\u2764\ufe0f\" src=\"https:\/\/s.w.org\/images\/core\/emoji\/17.0.2\/svg\/2764.svg\">Escort<\/p>\n                              <p>\n                                <img decoding=\"async\" draggable=\"false\" role=\"img\" class=\"emoji\" alt=\"\u2764\ufe0f\" src=\"https:\/\/s.w.org\/images\/core\/emoji\/17.0.2\/svg\/2764.svg\">Facesitting<\/p>\n                              <p>\n                                <img decoding=\"async\" draggable=\"false\" role=\"img\" class=\"emoji\" alt=\"\u2764\ufe0f\" src=\"https:\/\/s.w.org\/images\/core\/emoji\/17.0.2\/svg\/2764.svg\">Fisten<\/p>\n                              <p>\n                                <img decoding=\"async\" draggable=\"false\" role=\"img\" class=\"emoji\" alt=\"\u2764\ufe0f\" src=\"https:\/\/s.w.org\/images\/core\/emoji\/17.0.2\/svg\/2764.svg\">Franz\u00f6sisch mit\/ohne<\/p>\n                              <p>\n                                <img decoding=\"async\" draggable=\"false\" role=\"img\" class=\"emoji\" alt=\"\u2764\ufe0f\" src=\"https:\/\/s.w.org\/images\/core\/emoji\/17.0.2\/svg\/2764.svg\">Fussfetisch<\/p>\n                              <p>\n                                <img decoding=\"async\" draggable=\"false\" role=\"img\" class=\"emoji\" alt=\"\u2764\ufe0f\" src=\"https:\/\/s.w.org\/images\/core\/emoji\/17.0.2\/svg\/2764.svg\">Girlfriend Sex<\/p>\n                              <p>\n                                <img decoding=\"async\" draggable=\"false\" role=\"img\" class=\"emoji\" alt=\"\u2764\ufe0f\" src=\"https:\/\/s.w.org\/images\/core\/emoji\/17.0.2\/svg\/2764.svg\">Handjob<\/p>\n                              <p>\n                                <img decoding=\"async\" draggable=\"false\" role=\"img\" class=\"emoji\" alt=\"\u2764\ufe0f\" src=\"https:\/\/s.w.org\/images\/core\/emoji\/17.0.2\/svg\/2764.svg\">Masturbieren<\/p>\n                              <p>\n                                <img decoding=\"async\" draggable=\"false\" role=\"img\" class=\"emoji\" alt=\"\u2764\ufe0f\" src=\"https:\/\/s.w.org\/images\/core\/emoji\/17.0.2\/svg\/2764.svg\">NS Spiele (Aktiv)<\/p>\n                              <p>\n                                <img decoding=\"async\" draggable=\"false\" role=\"img\" class=\"emoji\" alt=\"\u2764\ufe0f\" src=\"https:\/\/s.w.org\/images\/core\/emoji\/17.0.2\/svg\/2764.svg\">Sex in allen Positionen<\/p>\n                              <p>\n                                <img decoding=\"async\" draggable=\"false\" role=\"img\" class=\"emoji\" alt=\"\u2764\ufe0f\" src=\"https:\/\/s.w.org\/images\/core\/emoji\/17.0.2\/svg\/2764.svg\">Strapon<\/p>\n                              <p>\n                                <img decoding=\"async\" draggable=\"false\" role=\"img\" class=\"emoji\" alt=\"\u2764\ufe0f\" src=\"https:\/\/s.w.org\/images\/core\/emoji\/17.0.2\/svg\/2764.svg\">Striptease\/Lapdance<\/p>\n                              <p>\n                                <img decoding=\"async\" draggable=\"false\" role=\"img\" class=\"emoji\" alt=\"\u2764\ufe0f\" src=\"https:\/\/s.w.org\/images\/core\/emoji\/17.0.2\/svg\/2764.svg\">Zungenanal (Passiv)<\/p>\n                              <p>\n                                <img decoding=\"async\" draggable=\"false\" role=\"img\" class=\"emoji\" alt=\"\u2764\ufe0f\" src=\"https:\/\/s.w.org\/images\/core\/emoji\/17.0.2\/svg\/2764.svg\">K\u00fcssen<\/p>\n                            <\/div>\n                          <\/div>\n                        <\/div>\n                      <\/div>\n                    <\/div>\n                    <div class=\"h-column h-column-container d-flex h-col-lg-6 h-col-md-6 h-col-6 style-515-outer style-local-276-c36-outer\">\n                      <div data-colibri-id=\"276-c36\" class=\"d-flex h-flex-basis h-column__inner h-ui-empty-state-container h-px-lg-0 h-px-md-0 h-px-0 v-inner-lg-0 v-inner-md-0 v-inner-0 style-515 style-local-276-c36 position-relative\">\n                        <!---->\n                        <!---->\n                        <div class=\"w-100 h-y-container h-column__content h-column__v-align flex-basis-100\">\n                          <!---->\n                        <\/div>\n                      <\/div>\n                    <\/div>\n                    <div class=\"h-column h-column-container d-flex h-col-lg-6 h-col-md-6 h-col-6 style-515-outer style-local-276-c37-outer\">\n                      <div data-colibri-id=\"276-c37\" class=\"d-flex h-flex-basis h-column__inner h-ui-empty-state-container h-px-lg-0 h-px-md-0 h-px-0 v-inner-lg-0 v-inner-md-0 v-inner-0 style-515 style-local-276-c37 position-relative\">\n                        <!---->\n                        <!---->\n                        <div class=\"w-100 h-y-container h-column__content h-column__v-align flex-basis-100\">\n                          <!---->\n                        <\/div>\n                      <\/div>\n                    <\/div>\n                  <\/div>\n                <\/div>\n              <\/div>\n            <\/div>\n          <\/div>\n          <div class=\"h-column h-column-container d-flex h-col-lg-6 h-col-md-6 h-col-12 style-518-outer style-local-276-c38-outer\">\n            <div data-colibri-id=\"276-c38\" class=\"d-flex h-flex-basis h-column__inner h-ui-empty-state-container h-px-lg-0 h-px-md-0 h-px-0 v-inner-lg-0 v-inner-md-0 v-inner-0 style-518 style-local-276-c38 position-relative\">\n              <div class=\"background-wrapper\">\n                <div class=\"background-layer background-layer-media-container-lg\">\n                  <div data-slide-duration=\"5000\" data-slide-speed=\"1000\" data-colibri-component=\"slideshow\" class=\"background-layer colibri-slideshow\" model-id=\"276-c38\" media=\"desktop\">\n                    <div class=\"slideshow-image\" style=\"background-image: url(&quot;https:\/\/bgstudios.ch\/wp-content\/uploads\/2026\/04\/cropped-IMG-20260409-WA0002.jpg&quot;); visibility: visible; z-index: 3; opacity: 0; transition: opacity 1000ms calc(4s);\"><\/div>\n                    <div class=\"slideshow-image\" style=\"background-image: url(&quot;https:\/\/bgstudios.ch\/wp-content\/uploads\/2026\/04\/cropped-IMG-20260409-WA0000.jpg&quot;); z-index: 2;\"><\/div>\n                    <div class=\"slideshow-image\" style=\"background-image: url(&quot;https:\/\/bgstudios.ch\/wp-content\/uploads\/2026\/04\/cropped-IMG-20260409-WA0001.jpg&quot;);\"><\/div>\n                    <div class=\"slideshow-image\" style=\"background-image: url(&quot;https:\/\/bgstudios.ch\/wp-content\/uploads\/2026\/04\/cropped-IMG-20260409-WA0003.jpg&quot;);\"><\/div>\n                    <div class=\"slideshow-image\" style=\"background-image: url(&quot;https:\/\/bgstudios.ch\/wp-content\/uploads\/2026\/04\/cropped-IMG-20260409-WA0004.jpg&quot;);\"><\/div>\n                    <div class=\"slideshow-image\" style=\"background-image: url(&quot;https:\/\/bgstudios.ch\/wp-content\/uploads\/2026\/04\/cropped-IMG-20260409-WA0005.jpg&quot;);\"><\/div>\n                  <\/div>\n                <\/div>\n                <div class=\"background-layer background-layer-media-container-md\">\n                  <div data-slide-duration=\"5000\" data-slide-speed=\"1000\" data-colibri-component=\"slideshow\" class=\"background-layer colibri-slideshow\" model-id=\"276-c38\" media=\"tablet\">\n                    <div class=\"slideshow-image\" style=\"background-image: url(&quot;https:\/\/bgstudios.ch\/wp-content\/uploads\/2026\/04\/cropped-IMG-20260409-WA0002.jpg&quot;); visibility: visible; z-index: 3; opacity: 0; transition: opacity 1000ms calc(4s);\"><\/div>\n                    <div class=\"slideshow-image\" style=\"background-image: url(&quot;https:\/\/bgstudios.ch\/wp-content\/uploads\/2026\/04\/cropped-IMG-20260409-WA0000.jpg&quot;); z-index: 2;\"><\/div>\n                    <div class=\"slideshow-image\" style=\"background-image: url(&quot;https:\/\/bgstudios.ch\/wp-content\/uploads\/2026\/04\/cropped-IMG-20260409-WA0001.jpg&quot;);\"><\/div>\n                    <div class=\"slideshow-image\" style=\"background-image: url(&quot;https:\/\/bgstudios.ch\/wp-content\/uploads\/2026\/04\/cropped-IMG-20260409-WA0003.jpg&quot;);\"><\/div>\n                    <div class=\"slideshow-image\" style=\"background-image: url(&quot;https:\/\/bgstudios.ch\/wp-content\/uploads\/2026\/04\/cropped-IMG-20260409-WA0004.jpg&quot;);\"><\/div>\n                    <div class=\"slideshow-image\" style=\"background-image: url(&quot;https:\/\/bgstudios.ch\/wp-content\/uploads\/2026\/04\/cropped-IMG-20260409-WA0005.jpg&quot;);\"><\/div>\n                  <\/div>\n                <\/div>\n                <div class=\"background-layer background-layer-media-container\">\n                  <div data-slide-duration=\"5000\" data-slide-speed=\"1000\" data-colibri-component=\"slideshow\" class=\"background-layer colibri-slideshow\" model-id=\"276-c38\" media=\"mobile\">\n                    <div class=\"slideshow-image\" style=\"background-image: url(&quot;https:\/\/bgstudios.ch\/wp-content\/uploads\/2026\/04\/cropped-IMG-20260409-WA0002.jpg&quot;); visibility: visible; z-index: 3; opacity: 0; transition: opacity 1000ms calc(4s);\"><\/div>\n                    <div class=\"slideshow-image\" style=\"background-image: url(&quot;https:\/\/bgstudios.ch\/wp-content\/uploads\/2026\/04\/cropped-IMG-20260409-WA0000.jpg&quot;); z-index: 2;\"><\/div>\n                    <div class=\"slideshow-image\" style=\"background-image: url(&quot;https:\/\/bgstudios.ch\/wp-content\/uploads\/2026\/04\/cropped-IMG-20260409-WA0001.jpg&quot;);\"><\/div>\n                    <div class=\"slideshow-image\" style=\"background-image: url(&quot;https:\/\/bgstudios.ch\/wp-content\/uploads\/2026\/04\/cropped-IMG-20260409-WA0003.jpg&quot;);\"><\/div>\n                    <div class=\"slideshow-image\" style=\"background-image: url(&quot;https:\/\/bgstudios.ch\/wp-content\/uploads\/2026\/04\/cropped-IMG-20260409-WA0004.jpg&quot;);\"><\/div>\n                    <div class=\"slideshow-image\" style=\"background-image: url(&quot;https:\/\/bgstudios.ch\/wp-content\/uploads\/2026\/04\/cropped-IMG-20260409-WA0005.jpg&quot;);\"><\/div>\n                  <\/div>\n                <\/div>\n              <\/div>\n              <!---->\n              <div class=\"w-100 h-y-container h-column__content h-column__v-align flex-basis-100\">\n                <!---->\n              <\/div>\n            <\/div>\n          <\/div>\n        <\/div>\n      <\/div>\n    <\/div>\n  <\/div>\n<\/div>","protected":false},"excerpt":{"rendered":"<p>anwesend in EMMENBr\u00fccke Kiara Ich bin Kiara, pure Energie, Sinnlichkeit und Komplizenschaft. Ich [&hellip;]<\/p>\n","protected":false},"author":1,"featured_media":0,"parent":0,"menu_order":0,"comment_status":"closed","ping_status":"closed","template":"page-templates\/full-width-page.php","meta":{"footnotes":""},"class_list":["post-276","page","type-page","status-publish","hentry"],"_links":{"self":[{"href":"https:\/\/bgstudios.ch\/index.php?rest_route=\/wp\/v2\/pages\/276","targetHints":{"allow":["GET"]}}],"collection":[{"href":"https:\/\/bgstudios.ch\/index.php?rest_route=\/wp\/v2\/pages"}],"about":[{"href":"https:\/\/bgstudios.ch\/index.php?rest_route=\/wp\/v2\/types\/page"}],"author":[{"embeddable":true,"href":"https:\/\/bgstudios.ch\/index.php?rest_route=\/wp\/v2\/users\/1"}],"replies":[{"embeddable":true,"href":"https:\/\/bgstudios.ch\/index.php?rest_route=%2Fwp%2Fv2%2Fcomments&post=276"}],"version-history":[{"count":20,"href":"https:\/\/bgstudios.ch\/index.php?rest_route=\/wp\/v2\/pages\/276\/revisions"}],"predecessor-version":[{"id":888,"href":"https:\/\/bgstudios.ch\/index.php?rest_route=\/wp\/v2\/pages\/276\/revisions\/888"}],"wp:attachment":[{"href":"https:\/\/bgstudios.ch\/index.php?rest_route=%2Fwp%2Fv2%2Fmedia&parent=276"}],"curies":[{"name":"wp","href":"https:\/\/api.w.org\/{rel}","templated":true}]}}